{"id":30,"date":"2021-10-15T22:03:16","date_gmt":"2021-10-15T20:03:16","guid":{"rendered":"https:\/\/www.rim60.com\/?page_id=30"},"modified":"2021-10-29T14:54:18","modified_gmt":"2021-10-29T12:54:18","slug":"panneau-rack-vierge","status":"publish","type":"page","link":"https:\/\/www.rim60.com\/Accueil\/","title":{"rendered":"Accueil"},"content":{"rendered":"\n<p><\/p>\n\n\n\n<iframe loading=\"lazy\" width=\"560\" height=\"320\" src=\"https:\/\/www.youtube.com\/embed\/1V-K8K_dGN4\" title=\"YouTube video player\" frameborder=\"0\" allow=\"accelerometer; autoplay; clipboard-write; encrypted-media; gyroscope; picture-in-picture\" allowfullscreen=\"\"><\/iframe>\n\n\n\n<hr class=\"wp-block-separator\"\/>\n\n\n\n<p><\/p>\n\n\n\n<p class=\"has-text-align-center has-medium-font-size\">Transformation, usinage et marquage de produits en aluminium, laiton, cuivre ou encore mati\u00e8re isolantes telles que Polycarbonate, Delrin, PMMA, Verre-\u00e9poxy, PVC, Compact. Une \u00e9quipe d\u2019exp\u00e9rience au service de ses clients depuis de nombreuses ann\u00e9es finalement regroup\u00e9e au sein de la soci\u00e9t\u00e9 RIM depuis 2012. L\u2019int\u00e9gralit\u00e9 de ces op\u00e9rations sont effectu\u00e9es dans nos locaux de M\u00e9ru.<\/p>\n\n\n\n<p class=\"has-text-align-center\">Une \u00e9quipe avec 30 ans de savoir-faire dans l\u2019aide \u00e0 l\u2019\u00e9tude de projets m\u00e9caniques, l\u2019usinage de pi\u00e8ces planes, \u00e9querres, boitiers, \u00e9tiquette, ainsi que le marquage de faces-avants et produits similaire en aluminium anodis\u00e9, peint ou sur certaines mati\u00e8res isolantes.<\/p>\n\n\n\n<p class=\"has-text-align-center\">Depuis maintenant 9 ans nous proposons en, compl\u00e9ment \u00e0 l\u2019usinage, le marquage par impression num\u00e9rique afin de se substituer \u00e0 la s\u00e9rigraphie nous permettant ainsi la r\u00e9duction des co\u00fbts, des d\u00e9lais et surtout d\u2019offrir la possibilit\u00e9 au client de se tromper \u00e0 moindre frais, d\u2019imprimer une multitude de couleur simultan\u00e9ment ainsi que des d\u00e9grad\u00e9s.<\/p>\n\n\n\n<p class=\"has-text-align-center\">Nous sommes en mesure de faire des reprises sur des pi\u00e8ces existantes dans la limite des surfaces de travail de nos machines. Dans le cadre d\u2019un projet de sous-traitance nous sommes en mesure de prendre en charges les postes traitement de surface et peinture. Vous trouverez sur la page <a href=\"https:\/\/www.rim60.com\/Accueil\/?page_id=76\" data-type=\"URL\" data-id=\"https:\/\/www.rim60.com\/Accueil\/?page_id=76\"><span class=\"has-inline-color has-primary-1-color\">NOS REALISATIONS<\/span><\/a> des exemples de notre savoir faire en esp\u00e9rant pouvoir vous compter parmi nos clients.<\/p>\n\n\n\n<p><\/p>\n\n\n\n<p><\/p>\n","protected":false},"excerpt":{"rendered":"<p>Transformation, usinage et marquage de produits en aluminium, laiton, cuivre ou encore mati\u00e8re isolantes telles que Polycarbonate, Delrin, PMMA, Verre-\u00e9poxy, PVC, Compact. Une \u00e9quipe d\u2019exp\u00e9rience au service de ses clients depuis de nombreuses ann\u00e9es finalement regroup\u00e9e au sein de la soci\u00e9t\u00e9 RIM depuis 2012. L\u2019int\u00e9gralit\u00e9 de ces op\u00e9rations sont effectu\u00e9es dans nos locaux de M\u00e9ru. [&hellip;]<\/p>\n","protected":false},"author":1,"featured_media":0,"parent":0,"menu_order":0,"comment_status":"closed","ping_status":"closed","template":"","meta":{"_uag_custom_page_level_css":"","footnotes":""},"class_list":["post-30","page","type-page","status-publish","hentry"],"uagb_featured_image_src":{"full":false,"thumbnail":false,"medium":false,"medium_large":false,"large":false,"1536x1536":false,"2048x2048":false,"blade-grve-large-rect-horizontal":false,"blade-grve-small-square":false,"blade-grve-small-rect-horizontal":false,"blade-grve-small-rect-horizontal-wide":false,"blade-grve-small-rect-vertical":false,"blade-grve-medium-rect-vertical":false,"blade-grve-medium-square":false,"blade-grve-fullscreen":false},"uagb_author_info":{"display_name":"RudyFr","author_link":"https:\/\/www.rim60.com\/Accueil\/author\/rudyfr\/"},"uagb_comment_info":0,"uagb_excerpt":"Transformation, usinage et marquage de produits en aluminium, laiton, cuivre ou encore mati\u00e8re isolantes telles que Polycarbonate, Delrin, PMMA, Verre-\u00e9poxy, PVC, Compact. Une \u00e9quipe d\u2019exp\u00e9rience au service de ses clients depuis de nombreuses ann\u00e9es finalement regroup\u00e9e au sein de la soci\u00e9t\u00e9 RIM depuis 2012. L\u2019int\u00e9gralit\u00e9 de ces op\u00e9rations sont effectu\u00e9es dans nos locaux de M\u00e9ru.\u2026","_links":{"self":[{"href":"https:\/\/www.rim60.com\/Accueil\/wp-json\/wp\/v2\/pages\/30","targetHints":{"allow":["GET"]}}],"collection":[{"href":"https:\/\/www.rim60.com\/Accueil\/wp-json\/wp\/v2\/pages"}],"about":[{"href":"https:\/\/www.rim60.com\/Accueil\/wp-json\/wp\/v2\/types\/page"}],"author":[{"embeddable":true,"href":"https:\/\/www.rim60.com\/Accueil\/wp-json\/wp\/v2\/users\/1"}],"replies":[{"embeddable":true,"href":"https:\/\/www.rim60.com\/Accueil\/wp-json\/wp\/v2\/comments?post=30"}],"version-history":[{"count":21,"href":"https:\/\/www.rim60.com\/Accueil\/wp-json\/wp\/v2\/pages\/30\/revisions"}],"predecessor-version":[{"id":637,"href":"https:\/\/www.rim60.com\/Accueil\/wp-json\/wp\/v2\/pages\/30\/revisions\/637"}],"wp:attachment":[{"href":"https:\/\/www.rim60.com\/Accueil\/wp-json\/wp\/v2\/media?parent=30"}],"curies":[{"name":"wp","href":"https:\/\/api.w.org\/{rel}","templated":true}]}}