{"id":371,"date":"2021-10-28T14:09:00","date_gmt":"2021-10-28T12:09:00","guid":{"rendered":"https:\/\/www.rim60.com\/Accueil\/?page_id=371"},"modified":"2021-11-16T11:42:23","modified_gmt":"2021-11-16T10:42:23","slug":"19-plie-peint-20-10","status":"publish","type":"page","link":"https:\/\/www.rim60.com\/Accueil\/19-plie-peint-20-10\/","title":{"rendered":"19&Prime; PLI\u00c9 PEINT 20\/10"},"content":{"rendered":"\n<div class=\"wp-block-group\"><div class=\"wp-block-group__inner-container is-layout-flow wp-block-group-is-layout-flow\">\n<div class=\"wp-block-columns is-layout-flex wp-container-core-columns-is-layout-9d6595d7 wp-block-columns-is-layout-flex\">\n<div class=\"wp-block-column is-vertically-aligned-center is-layout-flow wp-block-column-is-layout-flow\">\n<p class=\"has-text-align-center has-black-color has-text-color\" style=\"font-size:14px\"> <strong><a href=\"https:\/\/www.rim60.com\/Accueil\/?page_id=369\">19&Prime; PLI\u00c9 <\/a><\/strong><br><strong><a href=\"https:\/\/www.rim60.com\/Accueil\/?page_id=369\">PR\u00c9-ANODIS\u00c9 15\/10 (ECO)<\/a><\/strong> <\/p>\n<\/div>\n\n\n\n<div class=\"wp-block-column is-vertically-aligned-center is-layout-flow wp-block-column-is-layout-flow\">\n<p class=\"has-text-align-center\" style=\"font-size:14px\"> <strong><a href=\"https:\/\/www.rim60.com\/Accueil\/?page_id=371\"><span style=\"color:#436cff\" class=\"has-inline-color\">19&Prime; PLI\u00c9 PEINT 20\/10<\/span><\/a><\/strong> <\/p>\n<\/div>\n\n\n\n<div class=\"wp-block-column is-vertically-aligned-center has-black-color has-text-color is-layout-flow wp-block-column-is-layout-flow\">\n<p class=\"has-text-align-center has-black-color has-text-color\" style=\"font-size:14px\"> <strong><a href=\"https:\/\/www.rim60.com\/Accueil\/?page_id=377\">19&Prime; PLAT PEINT 30\/10<\/a><\/strong><\/p>\n<\/div>\n\n\n\n<div class=\"wp-block-column is-vertically-aligned-center is-layout-flow wp-block-column-is-layout-flow\">\n<p class=\"has-text-align-center has-black-color has-text-color\" style=\"font-size:14px\"> <strong><a href=\"https:\/\/www.rim60.com\/Accueil\/?page_id=379\">19&Prime; PLAT PEINT 40\/10<\/a><\/strong><\/p>\n<\/div>\n\n\n\n<div class=\"wp-block-column is-vertically-aligned-center is-layout-flow wp-block-column-is-layout-flow\">\n<p class=\"has-text-align-center has-black-color has-text-color\" style=\"font-size:14px\"> <strong><a href=\"https:\/\/www.rim60.com\/Accueil\/?page_id=373\">19\u2033 PLAT <\/a><\/strong><br><strong>PR\u00c9-<a href=\"https:\/\/www.rim60.com\/Accueil\/?page_id=373\">ANODIS\u00c9 30\/10<\/a><\/strong><\/p>\n<\/div>\n\n\n\n<div class=\"wp-block-column is-vertically-aligned-center is-layout-flow wp-block-column-is-layout-flow\">\n<p class=\"has-text-align-center has-black-color has-text-color\" style=\"font-size:14px\"> <strong><a href=\"https:\/\/www.rim60.com\/Accueil\/?page_id=375\">19\u2033 PLAT <\/a><\/strong><br><strong><a href=\"https:\/\/www.rim60.com\/Accueil\/?page_id=375\">PR\u00c9-ANODIS\u00c9 40\/10<\/a><\/strong> <\/p>\n<\/div>\n<\/div>\n<\/div><\/div>\n\n\n\n<div class=\"wp-block-columns is-layout-flex wp-container-core-columns-is-layout-9d6595d7 wp-block-columns-is-layout-flex\">\n<div class=\"wp-block-column is-layout-flow wp-block-column-is-layout-flow\"><\/div>\n\n\n\n<div class=\"wp-block-column is-layout-flow wp-block-column-is-layout-flow\"><\/div>\n\n\n\n<div class=\"wp-block-column is-layout-flow wp-block-column-is-layout-flow\">\n<p class=\"has-text-align-center has-black-color has-text-color\"><strong><span class=\"has-inline-color has-black-color\"><a href=\"https:\/\/www.rim60.com\/Accueil\/?page_id=645\">19&Prime; COMPACT 60\/10<\/a><\/span><\/strong><\/p>\n<\/div>\n\n\n\n<div class=\"wp-block-column is-layout-flow wp-block-column-is-layout-flow\">\n<p class=\"has-text-align-center has-black-color has-text-color\"><strong><a href=\"https:\/\/www.rim60.com\/Accueil\/?page_id=641\">19&Prime; PLEXI 40\/10<\/a><\/strong><\/p>\n<\/div>\n\n\n\n<div class=\"wp-block-column is-layout-flow wp-block-column-is-layout-flow\"><\/div>\n\n\n\n<div class=\"wp-block-column is-layout-flow wp-block-column-is-layout-flow\"><\/div>\n<\/div>\n\n\n\n<div class=\"wp-block-algori-pdf-viewer-block-algori-pdf-viewer\"><iframe class=\"wp-block-algori-pdf-viewer-block-algori-pdf-viewer-iframe\" src=\"https:\/\/www.rim60.com\/wp-content\/plugins\/algori-pdf-viewer\/dist\/web\/viewer.html?file=https%3A%2F%2Fwww.rim60.com%2Fwp-content%2Fuploads%2F2021%2F10%2F2.pdf\" style=\"width:1170px;height:700px\"><\/iframe><\/div>\n","protected":false},"excerpt":{"rendered":"<p>19&Prime; PLI\u00c9 PR\u00c9-ANODIS\u00c9 15\/10 (ECO) 19&Prime; PLI\u00c9 PEINT 20\/10 19&Prime; PLAT PEINT 30\/10 19&Prime; PLAT PEINT 40\/10 19\u2033 PLAT PR\u00c9-ANODIS\u00c9 30\/10 19\u2033 PLAT PR\u00c9-ANODIS\u00c9 40\/10 19&Prime; COMPACT 60\/10 19&Prime; PLEXI 40\/10<\/p>\n","protected":false},"author":2,"featured_media":0,"parent":0,"menu_order":0,"comment_status":"closed","ping_status":"closed","template":"","meta":{"_uag_custom_page_level_css":"","footnotes":""},"class_list":["post-371","page","type-page","status-publish","hentry"],"uagb_featured_image_src":{"full":false,"thumbnail":false,"medium":false,"medium_large":false,"large":false,"1536x1536":false,"2048x2048":false,"blade-grve-large-rect-horizontal":false,"blade-grve-small-square":false,"blade-grve-small-rect-horizontal":false,"blade-grve-small-rect-horizontal-wide":false,"blade-grve-small-rect-vertical":false,"blade-grve-medium-rect-vertical":false,"blade-grve-medium-square":false,"blade-grve-fullscreen":false},"uagb_author_info":{"display_name":"Greg","author_link":"https:\/\/www.rim60.com\/Accueil\/author\/greg\/"},"uagb_comment_info":0,"uagb_excerpt":"19&Prime; PLI\u00c9 PR\u00c9-ANODIS\u00c9 15\/10 (ECO) 19&Prime; PLI\u00c9 PEINT 20\/10 19&Prime; PLAT PEINT 30\/10 19&Prime; PLAT PEINT 40\/10 19\u2033 PLAT PR\u00c9-ANODIS\u00c9 30\/10 19\u2033 PLAT PR\u00c9-ANODIS\u00c9 40\/10 19&Prime; COMPACT 60\/10 19&Prime; PLEXI 40\/10","_links":{"self":[{"href":"https:\/\/www.rim60.com\/Accueil\/wp-json\/wp\/v2\/pages\/371","targetHints":{"allow":["GET"]}}],"collection":[{"href":"https:\/\/www.rim60.com\/Accueil\/wp-json\/wp\/v2\/pages"}],"about":[{"href":"https:\/\/www.rim60.com\/Accueil\/wp-json\/wp\/v2\/types\/page"}],"author":[{"embeddable":true,"href":"https:\/\/www.rim60.com\/Accueil\/wp-json\/wp\/v2\/users\/2"}],"replies":[{"embeddable":true,"href":"https:\/\/www.rim60.com\/Accueil\/wp-json\/wp\/v2\/comments?post=371"}],"version-history":[{"count":25,"href":"https:\/\/www.rim60.com\/Accueil\/wp-json\/wp\/v2\/pages\/371\/revisions"}],"predecessor-version":[{"id":684,"href":"https:\/\/www.rim60.com\/Accueil\/wp-json\/wp\/v2\/pages\/371\/revisions\/684"}],"wp:attachment":[{"href":"https:\/\/www.rim60.com\/Accueil\/wp-json\/wp\/v2\/media?parent=371"}],"curies":[{"name":"wp","href":"https:\/\/api.w.org\/{rel}","templated":true}]}}