{"id":39,"date":"2021-10-15T22:20:38","date_gmt":"2021-10-15T20:20:38","guid":{"rendered":"https:\/\/www.rim60.com\/?page_id=39"},"modified":"2021-11-30T10:04:37","modified_gmt":"2021-11-30T09:04:37","slug":"impression-numerique","status":"publish","type":"page","link":"https:\/\/www.rim60.com\/Accueil\/impression-numerique\/","title":{"rendered":"Impression num\u00e9rique"},"content":{"rendered":"\n<p class=\"has-text-align-center has-medium-font-size\">Nous vous proposons l\u2019impression num\u00e9rique sur toutes vos surfaces planes jusqu\u2019\u00e0 166mm d\u2019\u00e9paisseur.<br>Equip\u00e9s d\u2019un plateau format A2 (610x420mm) vous avez la possibilit\u00e9 d\u2019imprimer des textes ou des logos.<br>Nos imprimantes num\u00e9riques utilisent des encres liquides avec un s\u00e9chage instantan\u00e9 par cuisson UV.<\/p>\n\n\n\n<p class=\"has-text-align-center\"><strong>Une couleur ou dix couleurs, le proc\u00e9d\u00e9 est le m\u00eame, 3 couches :<\/strong><\/p>\n\n\n\n<div class=\"wp-block-columns is-layout-flex wp-container-core-columns-is-layout-9d6595d7 wp-block-columns-is-layout-flex\">\n<div class=\"wp-block-column is-layout-flow wp-block-column-is-layout-flow\" style=\"flex-basis:100%\">\n<div class=\"wp-block-group alignwide\"><div class=\"wp-block-group__inner-container is-layout-flow wp-block-group-is-layout-flow\">\n<div class=\"wp-block-columns is-layout-flex wp-container-core-columns-is-layout-9d6595d7 wp-block-columns-is-layout-flex\">\n<div class=\"wp-block-column is-layout-flow wp-block-column-is-layout-flow\" style=\"flex-basis:25%\"><\/div>\n\n\n\n<div class=\"wp-block-column is-vertically-aligned-center is-layout-flow wp-block-column-is-layout-flow\" style=\"flex-basis:50%\">\n<div class=\"wp-block-media-text alignwide is-stacked-on-mobile\" style=\"grid-template-columns:22% auto\"><figure class=\"wp-block-media-text__media\"><img loading=\"lazy\" decoding=\"async\" width=\"1024\" height=\"1024\" src=\"https:\/\/www.rim60.com\/wp-content\/uploads\/2021\/10\/Spectre-couleurs-RGB-1024x1024.png\" alt=\"\" class=\"wp-image-148 size-full\" srcset=\"https:\/\/www.rim60.com\/wp-content\/uploads\/2021\/10\/Spectre-couleurs-RGB.png 1024w, https:\/\/www.rim60.com\/wp-content\/uploads\/2021\/10\/Spectre-couleurs-RGB-300x300.png 300w, https:\/\/www.rim60.com\/wp-content\/uploads\/2021\/10\/Spectre-couleurs-RGB-150x150.png 150w, https:\/\/www.rim60.com\/wp-content\/uploads\/2021\/10\/Spectre-couleurs-RGB-768x768.png 768w, https:\/\/www.rim60.com\/wp-content\/uploads\/2021\/10\/Spectre-couleurs-RGB-600x600.png 600w\" sizes=\"auto, (max-width: 1024px) 100vw, 1024px\" \/><\/figure><div class=\"wp-block-media-text__content\">\n<ul class=\"wp-block-list\"><li>Une sous couche de primaire pour une adh\u00e9rence parfaite<\/li><li>Une sous couche blanche pour r\u00e9v\u00e9ler vos couleurs claires<\/li><li>Et la derni\u00e8re couche pour le d\u00e9p\u00f4t des couleurs, m\u00eame les d\u00e9grad\u00e9s sont possible.<\/li><\/ul>\n<\/div><\/div>\n<\/div>\n\n\n\n<div class=\"wp-block-column is-layout-flow wp-block-column-is-layout-flow\" style=\"flex-basis:25%\"><\/div>\n<\/div>\n<\/div><\/div>\n<\/div>\n<\/div>\n\n\n\n<div class=\"wp-block-columns is-layout-flex wp-container-core-columns-is-layout-9d6595d7 wp-block-columns-is-layout-flex\">\n<div class=\"wp-block-column is-layout-flow wp-block-column-is-layout-flow\" style=\"flex-basis:100%\">\n<div class=\"wp-block-group alignwide\"><div class=\"wp-block-group__inner-container is-layout-flow wp-block-group-is-layout-flow\">\n<div class=\"wp-block-columns is-layout-flex wp-container-core-columns-is-layout-9d6595d7 wp-block-columns-is-layout-flex\">\n<div class=\"wp-block-column is-layout-flow wp-block-column-is-layout-flow\" style=\"flex-basis:25%\"><\/div>\n\n\n\n<div class=\"wp-block-column is-vertically-aligned-center is-layout-flow wp-block-column-is-layout-flow\" style=\"flex-basis:50%\">\n<div class=\"wp-block-media-text alignwide has-media-on-the-right is-stacked-on-mobile\" style=\"grid-template-columns:auto 39%\"><figure class=\"wp-block-media-text__media\"><img loading=\"lazy\" decoding=\"async\" width=\"1024\" height=\"551\" src=\"https:\/\/www.rim60.com\/wp-content\/uploads\/2021\/10\/Plan-1024x551.png\" alt=\"\" class=\"wp-image-149 size-full\" srcset=\"https:\/\/www.rim60.com\/wp-content\/uploads\/2021\/10\/Plan-1024x551.png 1024w, https:\/\/www.rim60.com\/wp-content\/uploads\/2021\/10\/Plan-300x162.png 300w, https:\/\/www.rim60.com\/wp-content\/uploads\/2021\/10\/Plan-768x414.png 768w, https:\/\/www.rim60.com\/wp-content\/uploads\/2021\/10\/Plan-1536x827.png 1536w, https:\/\/www.rim60.com\/wp-content\/uploads\/2021\/10\/Plan.png 1920w\" sizes=\"auto, (max-width: 1024px) 100vw, 1024px\" \/><\/figure><div class=\"wp-block-media-text__content\">\n<p><strong>Conception:<\/strong><br>Laisser libre cours \u00e0 votre imagination, utilisez des couleurs pour plus de lisibilit\u00e9, logos, pictogrammes, photos&#8230;<\/p>\n<\/div><\/div>\n<\/div>\n\n\n\n<div class=\"wp-block-column is-layout-flow wp-block-column-is-layout-flow\" style=\"flex-basis:25%\"><\/div>\n<\/div>\n<\/div><\/div>\n<\/div>\n<\/div>\n\n\n\n<div class=\"wp-block-columns is-layout-flex wp-container-core-columns-is-layout-9d6595d7 wp-block-columns-is-layout-flex\">\n<div class=\"wp-block-column is-layout-flow wp-block-column-is-layout-flow\" style=\"flex-basis:25%\"><\/div>\n\n\n\n<div class=\"wp-block-column is-vertically-aligned-center is-layout-flow wp-block-column-is-layout-flow\" style=\"flex-basis:50%\">\n<div class=\"wp-block-media-text alignwide is-stacked-on-mobile is-vertically-aligned-center\" style=\"grid-template-columns:52% auto\"><figure class=\"wp-block-media-text__media\"><img loading=\"lazy\" decoding=\"async\" width=\"1024\" height=\"276\" src=\"https:\/\/www.rim60.com\/wp-content\/uploads\/2021\/11\/IMG_0642-1024x276.jpeg\" alt=\"\" class=\"wp-image-717 size-full\" srcset=\"https:\/\/www.rim60.com\/wp-content\/uploads\/2021\/11\/IMG_0642-1024x276.jpeg 1024w, https:\/\/www.rim60.com\/wp-content\/uploads\/2021\/11\/IMG_0642-300x81.jpeg 300w, https:\/\/www.rim60.com\/wp-content\/uploads\/2021\/11\/IMG_0642-768x207.jpeg 768w, https:\/\/www.rim60.com\/wp-content\/uploads\/2021\/11\/IMG_0642-rotated.jpeg 1396w\" sizes=\"auto, (max-width: 1024px) 100vw, 1024px\" \/><\/figure><div class=\"wp-block-media-text__content\">\n<p class=\"has-normal-font-size\"><strong>Etiquettes:<\/strong><br>Nous r\u00e9alisons \u00e9galement vos \u00e9tiquettes, en aluminium ou en GRAVOPLY, autocollante ou non.<br>Nous incr\u00e9mentons \u00e9galement les num\u00e9ros de s\u00e9rie au besoin.<\/p>\n<\/div><\/div>\n<\/div>\n\n\n\n<div class=\"wp-block-column is-layout-flow wp-block-column-is-layout-flow\" style=\"flex-basis:25%\"><\/div>\n<\/div>\n","protected":false},"excerpt":{"rendered":"<p>Nous vous proposons l\u2019impression num\u00e9rique sur toutes vos surfaces planes jusqu\u2019\u00e0 166mm d\u2019\u00e9paisseur.Equip\u00e9s d\u2019un plateau format A2 (610x420mm) vous avez la possibilit\u00e9 d\u2019imprimer des textes ou des logos.Nos imprimantes num\u00e9riques utilisent des encres liquides avec un s\u00e9chage instantan\u00e9 par cuisson UV. Une couleur ou dix couleurs, le proc\u00e9d\u00e9 est le m\u00eame, 3 couches : Une [&hellip;]<\/p>\n","protected":false},"author":2,"featured_media":0,"parent":0,"menu_order":0,"comment_status":"closed","ping_status":"closed","template":"","meta":{"_uag_custom_page_level_css":"","footnotes":""},"class_list":["post-39","page","type-page","status-publish","hentry"],"uagb_featured_image_src":{"full":false,"thumbnail":false,"medium":false,"medium_large":false,"large":false,"1536x1536":false,"2048x2048":false,"blade-grve-large-rect-horizontal":false,"blade-grve-small-square":false,"blade-grve-small-rect-horizontal":false,"blade-grve-small-rect-horizontal-wide":false,"blade-grve-small-rect-vertical":false,"blade-grve-medium-rect-vertical":false,"blade-grve-medium-square":false,"blade-grve-fullscreen":false},"uagb_author_info":{"display_name":"Greg","author_link":"https:\/\/www.rim60.com\/Accueil\/author\/greg\/"},"uagb_comment_info":0,"uagb_excerpt":"Nous vous proposons l\u2019impression num\u00e9rique sur toutes vos surfaces planes jusqu\u2019\u00e0 166mm d\u2019\u00e9paisseur.Equip\u00e9s d\u2019un plateau format A2 (610x420mm) vous avez la possibilit\u00e9 d\u2019imprimer des textes ou des logos.Nos imprimantes num\u00e9riques utilisent des encres liquides avec un s\u00e9chage instantan\u00e9 par cuisson UV. Une couleur ou dix couleurs, le proc\u00e9d\u00e9 est le m\u00eame, 3 couches : Une\u2026","_links":{"self":[{"href":"https:\/\/www.rim60.com\/Accueil\/wp-json\/wp\/v2\/pages\/39","targetHints":{"allow":["GET"]}}],"collection":[{"href":"https:\/\/www.rim60.com\/Accueil\/wp-json\/wp\/v2\/pages"}],"about":[{"href":"https:\/\/www.rim60.com\/Accueil\/wp-json\/wp\/v2\/types\/page"}],"author":[{"embeddable":true,"href":"https:\/\/www.rim60.com\/Accueil\/wp-json\/wp\/v2\/users\/2"}],"replies":[{"embeddable":true,"href":"https:\/\/www.rim60.com\/Accueil\/wp-json\/wp\/v2\/comments?post=39"}],"version-history":[{"count":44,"href":"https:\/\/www.rim60.com\/Accueil\/wp-json\/wp\/v2\/pages\/39\/revisions"}],"predecessor-version":[{"id":718,"href":"https:\/\/www.rim60.com\/Accueil\/wp-json\/wp\/v2\/pages\/39\/revisions\/718"}],"wp:attachment":[{"href":"https:\/\/www.rim60.com\/Accueil\/wp-json\/wp\/v2\/media?parent=39"}],"curies":[{"name":"wp","href":"https:\/\/api.w.org\/{rel}","templated":true}]}}