{"id":76,"date":"2021-10-18T15:02:03","date_gmt":"2021-10-18T13:02:03","guid":{"rendered":"https:\/\/www.rim60.com\/?page_id=76"},"modified":"2021-11-16T16:58:34","modified_gmt":"2021-11-16T15:58:34","slug":"nos-produits","status":"publish","type":"page","link":"https:\/\/www.rim60.com\/Accueil\/nos-produits\/","title":{"rendered":"NOS PRODUITS"},"content":{"rendered":"<p>[vc_row][vc_column][vc_column_text]<\/p>\n\n\n<hr class=\"wp-block-separator\"\/>\n\n\n\n<p class=\"has-text-align-center has-black-color has-text-color\" style=\"font-size:40px\"><strong>Face avant de bouchage pour baie 19&Prime;<\/strong><\/p>\n\n\n<p><\/p>\n\n\n<p><\/p>\n\n\n\n<p><\/p>\n\n\n\n<div class=\"wp-block-columns are-vertically-aligned-center is-layout-flex wp-container-core-columns-is-layout-9d6595d7 wp-block-columns-is-layout-flex\">\n<div class=\"wp-block-column is-vertically-aligned-center is-layout-flow wp-block-column-is-layout-flow\" style=\"flex-basis:33.33%\">\n<div class=\"wp-block-group\"><div class=\"wp-block-group__inner-container is-layout-flow wp-block-group-is-layout-flow\">\n<div class=\"wp-block-columns is-layout-flex wp-container-core-columns-is-layout-9d6595d7 wp-block-columns-is-layout-flex\">\n<div class=\"wp-block-column is-layout-flow wp-block-column-is-layout-flow\" style=\"flex-basis:100%\">\n<pre class=\"wp-block-verse has-text-color has-normal-font-size\" style=\"color:#436cff\"><p class=\"has-text-align-left has-text-color has-medium-font-size\" style=\"color: #436cff;\"><a href=\"https:\/\/www.rim60.com\/Accueil\/19-plie-pre-anodise-15-10-economique\/\">19\" PLI\u00c9 PR\u00c9-ANODIS\u00c9 15\/10 (ECO)<\/a>\r\n\r\n<a href=\"https:\/\/www.rim60.com\/Accueil\/19-plie-peint-20-10\/\">19\" PLI\u00c9 PEINT 20\/10<\/a>\r\n\r\n<a href=\"https:\/\/www.rim60.com\/Accueil\/19-plat-peint-30-10\/\">19\" PLAT PEINT 30\/10<\/a>\r\n\r\n<a href=\"https:\/\/www.rim60.com\/Accueil\/19-plat-peint-40-10\/\">19\" PLAT PEINT 40\/10<\/a>\r\n\r\n<a href=\"https:\/\/www.rim60.com\/Accueil\/19-plat-pre-anodise-30-10\/\">19\u2033 PLAT PR\u00c9-ANODIS\u00c9 30\/10<\/a>\r\n\r\n<a href=\"https:\/\/www.rim60.com\/Accueil\/19-plat-pre-anodise-40-10\/\">19\u2033 PLAT PR\u00c9-ANODIS\u00c9 40\/10<\/a>\n\n<a href=\"https:\/\/www.rim60.com\/Accueil\/19-plexi-40-10\/\">19\u2033 PLEXI 40\/10<\/a>\n\n<a href=\"https:\/\/www.rim60.com\/Accueil\/19-compact-60-10\/\">19\u2033 COMPACT 60\/10<\/a><\/pre>\n\n\n\n<p><\/p>\n<\/div>\n<\/div>\n<\/div><\/div>\n<\/div>\n\n\n\n<div class=\"wp-block-column is-vertically-aligned-center is-layout-flow wp-block-column-is-layout-flow\" style=\"flex-basis:66.66%\">\n<div class=\"wp-block-image is-style-default\"><figure class=\"aligncenter size-large is-resized\"><img loading=\"lazy\" decoding=\"async\" src=\"https:\/\/www.rim60.com\/wp-content\/uploads\/2021\/10\/image-3-1024x534.png\" alt=\"Face avant de bouchage\" class=\"wp-image-480\" width=\"382\" height=\"199\" srcset=\"https:\/\/www.rim60.com\/wp-content\/uploads\/2021\/10\/image-3-1024x534.png 1024w, https:\/\/www.rim60.com\/wp-content\/uploads\/2021\/10\/image-3-300x157.png 300w, https:\/\/www.rim60.com\/wp-content\/uploads\/2021\/10\/image-3-768x401.png 768w, https:\/\/www.rim60.com\/wp-content\/uploads\/2021\/10\/image-3-1536x802.png 1536w, https:\/\/www.rim60.com\/wp-content\/uploads\/2021\/10\/image-3-1920x1002.png 1920w\" sizes=\"auto, (max-width: 382px) 100vw, 382px\" \/><figcaption><strong>Face avant de bouchage<\/strong><\/figcaption><\/figure><\/div>\n\n\n\n<div class=\"wp-block-image\"><figure class=\"alignright size-large is-resized\"><img loading=\"lazy\" decoding=\"async\" src=\"https:\/\/www.rim60.com\/wp-content\/uploads\/2021\/10\/image-2-1024x303.png\" alt=\"Face avant ventil\u00e9 avec logo\" class=\"wp-image-479\" width=\"360\" height=\"106\" srcset=\"https:\/\/www.rim60.com\/wp-content\/uploads\/2021\/10\/image-2-1024x303.png 1024w, https:\/\/www.rim60.com\/wp-content\/uploads\/2021\/10\/image-2-300x89.png 300w, https:\/\/www.rim60.com\/wp-content\/uploads\/2021\/10\/image-2-768x227.png 768w, https:\/\/www.rim60.com\/wp-content\/uploads\/2021\/10\/image-2-1536x455.png 1536w, https:\/\/www.rim60.com\/wp-content\/uploads\/2021\/10\/image-2-1920x568.png 1920w\" sizes=\"auto, (max-width: 360px) 100vw, 360px\" \/><figcaption><strong>Face avant ventil\u00e9e avec logo<\/strong><\/figcaption><\/figure><\/div>\n\n\n\n<div class=\"wp-block-image\"><figure class=\"alignright size-large is-resized\"><img loading=\"lazy\" decoding=\"async\" src=\"https:\/\/www.rim60.com\/wp-content\/uploads\/2021\/10\/image-1-1024x303.png\" alt=\"Face avant ventil\u00e9\" class=\"wp-image-478\" width=\"365\" height=\"108\" srcset=\"https:\/\/www.rim60.com\/wp-content\/uploads\/2021\/10\/image-1-1024x303.png 1024w, https:\/\/www.rim60.com\/wp-content\/uploads\/2021\/10\/image-1-300x89.png 300w, https:\/\/www.rim60.com\/wp-content\/uploads\/2021\/10\/image-1-768x227.png 768w, https:\/\/www.rim60.com\/wp-content\/uploads\/2021\/10\/image-1-1536x455.png 1536w, https:\/\/www.rim60.com\/wp-content\/uploads\/2021\/10\/image-1-1920x568.png 1920w\" sizes=\"auto, (max-width: 365px) 100vw, 365px\" \/><figcaption><strong>Face avant ventil\u00e9e<\/strong><\/figcaption><\/figure><\/div>\n<\/div>\n<\/div>\n\n\n\n<hr class=\"wp-block-separator is-style-wide\"\/>\n\n\n<p>&nbsp;<\/p>\n<p>[\/vc_column_text][\/vc_column][\/vc_row]<\/p>","protected":false},"excerpt":{"rendered":"<p>[vc_row][vc_column][vc_column_text] Face avant de bouchage pour baie 19&Prime; 19&Prime; PLI\u00c9 PR\u00c9-ANODIS\u00c9 15\/10 (ECO) 19&Prime; PLI\u00c9 PEINT 20\/10 19&Prime; PLAT PEINT 30\/10 19&Prime; PLAT PEINT 40\/10 19\u2033 PLAT PR\u00c9-ANODIS\u00c9 30\/10 19\u2033 PLAT PR\u00c9-ANODIS\u00c9 40\/10 19\u2033 PLEXI 40\/10 19\u2033 COMPACT 60\/10 &nbsp; [\/vc_column_text][\/vc_column][\/vc_row]<\/p>\n","protected":false},"author":2,"featured_media":0,"parent":0,"menu_order":0,"comment_status":"closed","ping_status":"closed","template":"","meta":{"_uag_custom_page_level_css":"","footnotes":""},"class_list":["post-76","page","type-page","status-publish","hentry"],"uagb_featured_image_src":{"full":false,"thumbnail":false,"medium":false,"medium_large":false,"large":false,"1536x1536":false,"2048x2048":false,"blade-grve-large-rect-horizontal":false,"blade-grve-small-square":false,"blade-grve-small-rect-horizontal":false,"blade-grve-small-rect-horizontal-wide":false,"blade-grve-small-rect-vertical":false,"blade-grve-medium-rect-vertical":false,"blade-grve-medium-square":false,"blade-grve-fullscreen":false},"uagb_author_info":{"display_name":"Greg","author_link":"https:\/\/www.rim60.com\/Accueil\/author\/greg\/"},"uagb_comment_info":0,"uagb_excerpt":"[vc_row][vc_column][vc_column_text] Face avant de bouchage pour baie 19&Prime; 19\" PLI\u00c9 PR\u00c9-ANODIS\u00c9 15\/10 (ECO) 19\" PLI\u00c9 PEINT 20\/10 19\" PLAT PEINT 30\/10 19\" PLAT PEINT 40\/10 19\u2033 PLAT PR\u00c9-ANODIS\u00c9 30\/10 19\u2033 PLAT PR\u00c9-ANODIS\u00c9 40\/10 19\u2033 PLEXI 40\/10 19\u2033 COMPACT 60\/10 &nbsp; [\/vc_column_text][\/vc_column][\/vc_row]","_links":{"self":[{"href":"https:\/\/www.rim60.com\/Accueil\/wp-json\/wp\/v2\/pages\/76","targetHints":{"allow":["GET"]}}],"collection":[{"href":"https:\/\/www.rim60.com\/Accueil\/wp-json\/wp\/v2\/pages"}],"about":[{"href":"https:\/\/www.rim60.com\/Accueil\/wp-json\/wp\/v2\/types\/page"}],"author":[{"embeddable":true,"href":"https:\/\/www.rim60.com\/Accueil\/wp-json\/wp\/v2\/users\/2"}],"replies":[{"embeddable":true,"href":"https:\/\/www.rim60.com\/Accueil\/wp-json\/wp\/v2\/comments?post=76"}],"version-history":[{"count":77,"href":"https:\/\/www.rim60.com\/Accueil\/wp-json\/wp\/v2\/pages\/76\/revisions"}],"predecessor-version":[{"id":709,"href":"https:\/\/www.rim60.com\/Accueil\/wp-json\/wp\/v2\/pages\/76\/revisions\/709"}],"wp:attachment":[{"href":"https:\/\/www.rim60.com\/Accueil\/wp-json\/wp\/v2\/media?parent=76"}],"curies":[{"name":"wp","href":"https:\/\/api.w.org\/{rel}","templated":true}]}}